{"id":660,"date":"2023-07-14T09:47:54","date_gmt":"2023-07-14T09:47:54","guid":{"rendered":"https:\/\/deskans.testap3.com.es\/?page_id=660"},"modified":"2023-08-02T14:56:57","modified_gmt":"2023-08-02T14:56:57","slug":"avis-legal","status":"publish","type":"page","link":"https:\/\/deskans.com\/esp\/avis-legal\/","title":{"rendered":"Aviso legal"},"content":{"rendered":"<h3 class=\"wp-block-heading\">Aviso legal<\/h3>\n\n\n\n<p>El presente aviso legal regula el uso del servicio del portal de Internet con direcci\u00f3n www.deskans.com, cuyo responsable a efectos identificativos es:&nbsp;<\/p>\n\n\n\n<p>\u2022 Responsable: CASA OLIVER DECORACI\u00d3N, SLU<\/p>\n\n\n\n<p>\u2022 CIF: B17943408<\/p>\n\n\n\n<p>\u2022 Direcci\u00f3n: C\/ Pere Compte 21, 1\u00ba 2\u00aa, 17005 Girona<\/p>\n\n\n\n<p>\u2022 Tel\u00e9fono: (+34) 625 33 80 90<\/p>\n\n\n\n<p>\u2022 Mail: deskans@deskans.com<\/p>\n\n\n\n<h3 class=\"wp-block-heading\">Legislaci\u00f3n<\/h3>\n\n\n\n<p>Con car\u00e1cter general las relaciones entre CASA OLIVER DECORACI\u00d3N, SLU con los usuarios de sus servicios telem\u00e1ticos, presentes en la web, se encuentran sometidas a la legislaci\u00f3n y jurisdicci\u00f3n espa\u00f1olas.<\/p>\n\n\n\n<p>Las partes renuncian expresamente al fuero que pudiera corresponderlas y someten expresamente a los Juzgados y Tribunales de GIRONA para resolver cualquier controversia que pueda surgir en la interpretaci\u00f3n o ejecuci\u00f3n de las presentes condiciones contractuales.<\/p>\n\n\n\n<h3 class=\"wp-block-heading\">Contenido y uso<\/h3>\n\n\n\n<p>El Usuario queda informado, y acepta, que el acceso a la presente web no supone, en modo alguno, el inicio de una relaci\u00f3n comercial con CASA OLIVER DECORACI\u00d3, SLU<\/p>\n\n\n\n<p>El titular de la web no se identifica con las opiniones vertidas en el mismo por sus colaboradoras. La Empresa se reserva el derecho de efectuar sin previo aviso las modificaciones que considere oportunas en su Web, pudiendo cambiar, suprimir o a\u00f1adir tanto los contenidos y servicios que se presten a trav\u00e9s de la misma como la forma en que \u00e9stos aparezcan presentados o localizados en sus servidores.<\/p>\n\n\n\n<h3 class=\"wp-block-heading\">Propiedad intelectual e industrial<\/h3>\n\n\n\n<p>Los derechos de propiedad intelectual del contenido de las p\u00e1ginas web, su dise\u00f1o gr\u00e1fico y c\u00f3digos son titularidad de CASA OLIVER DECORACI\u00d3, SLU y, por tanto, queda prohibida su reproducci\u00f3n, distribuci\u00f3n, comunicaci\u00f3n p\u00fablica, transformaci\u00f3n o cualquier otra actividad que se pueda realizar con Todos los n\u00fameros comerciales, marcas o signos distintos de cualquier clase contenidos en las p\u00e1ginas web de la Empresa son propiedad de sus due\u00f1os y est\u00e1n protegidos por ley.<\/p>\n\n\n\n<h3 class=\"wp-block-heading\">Enlaces (Links)<\/h3>\n\n\n\n<p>La presencia de enlaces (links) en las p\u00e1ginas web de CASA OLIVER DECORACI\u00d3N, SLU tiene finalidad meramente informativa y en ning\u00fan caso supone sugerencia, invitaci\u00f3n o recomendaci\u00f3n sobre los mismos.<\/p>\n\n\n\n<p><\/p>\n\n\n\n<p><\/p>","protected":false},"excerpt":{"rendered":"<p>Aviso legal El presente aviso legal regula el uso del servicio del portal de Internet con direcci\u00f3n www.deskans.com,cuyo responsable a efectos identificativos es:&nbsp; \u2022 Responsable: CASA OLIVER DECORACI\u00d3, S.L.U. \u2022 CIF: B17943408 \u2022 Direcci\u00f3n: C\/ Pere Compte 21, 1\u00ba 2\u00aa, 17005 Girona \u2022 Tel\u00e9fono: (+34) 625 33 80 90 \u2022 Mail: deskans@deskans.com Legislaci\u00f3n Con car\u00e1cter [&hellip;]<\/p>\n","protected":false},"author":3,"featured_media":0,"parent":0,"menu_order":0,"comment_status":"closed","ping_status":"closed","template":"","meta":{"footnotes":""},"class_list":["post-660","page","type-page","status-publish","hentry"],"yoast_head":"<!-- This site is optimized with the Yoast SEO plugin v27.4 - https:\/\/yoast.com\/product\/yoast-seo-wordpress\/ -->\n<title>Av\u00eds legal - Deskans<\/title>\n<meta name=\"robots\" content=\"index, follow, max-snippet:-1, max-image-preview:large, max-video-preview:-1\" \/>\n<link rel=\"canonical\" href=\"https:\/\/deskans.com\/esp\/avis-legal\/\" \/>\n<meta property=\"og:locale\" content=\"es_ES\" \/>\n<meta property=\"og:type\" content=\"article\" \/>\n<meta property=\"og:title\" content=\"Av\u00eds legal - Deskans\" \/>\n<meta property=\"og:description\" content=\"Aviso legal El presente aviso legal regula el uso del servicio del portal de Internet con direcci\u00f3n www.deskans.com,cuyo responsable a efectos identificativos es:&nbsp; \u2022 Responsable: CASA OLIVER DECORACI\u00d3, S.L.U. \u2022 CIF: B17943408 \u2022 Direcci\u00f3n: C\/ Pere Compte 21, 1\u00ba 2\u00aa, 17005 Girona \u2022 Tel\u00e9fono: (+34) 625 33 80 90 \u2022 Mail: deskans@deskans.com Legislaci\u00f3n Con car\u00e1cter [&hellip;]\" \/>\n<meta property=\"og:url\" content=\"https:\/\/deskans.com\/esp\/avis-legal\/\" \/>\n<meta property=\"og:site_name\" content=\"Deskans\" \/>\n<meta property=\"article:publisher\" content=\"https:\/\/www.facebook.com\/deskansbco\" \/>\n<meta property=\"article:modified_time\" content=\"2023-08-02T14:56:57+00:00\" \/>\n<meta name=\"twitter:card\" content=\"summary_large_image\" \/>\n<meta name=\"twitter:site\" content=\"@deskansbco\" \/>\n<meta name=\"twitter:label1\" content=\"Tiempo de lectura\" \/>\n\t<meta name=\"twitter:data1\" content=\"2 minutos\" \/>\n<script type=\"application\/ld+json\" class=\"yoast-schema-graph\">{\"@context\":\"https:\\\/\\\/schema.org\",\"@graph\":[{\"@type\":\"WebPage\",\"@id\":\"https:\\\/\\\/deskans.com\\\/avis-legal\\\/\",\"url\":\"https:\\\/\\\/deskans.com\\\/avis-legal\\\/\",\"name\":\"Av\u00eds legal - Deskans\",\"isPartOf\":{\"@id\":\"https:\\\/\\\/deskans.com\\\/#website\"},\"datePublished\":\"2023-07-14T09:47:54+00:00\",\"dateModified\":\"2023-08-02T14:56:57+00:00\",\"breadcrumb\":{\"@id\":\"https:\\\/\\\/deskans.com\\\/avis-legal\\\/#breadcrumb\"},\"inLanguage\":\"es\",\"potentialAction\":[{\"@type\":\"ReadAction\",\"target\":[\"https:\\\/\\\/deskans.com\\\/avis-legal\\\/\"]}]},{\"@type\":\"BreadcrumbList\",\"@id\":\"https:\\\/\\\/deskans.com\\\/avis-legal\\\/#breadcrumb\",\"itemListElement\":[{\"@type\":\"ListItem\",\"position\":1,\"name\":\"Portada\",\"item\":\"https:\\\/\\\/deskans.com\\\/\"},{\"@type\":\"ListItem\",\"position\":2,\"name\":\"Av\u00eds legal\"}]},{\"@type\":\"WebSite\",\"@id\":\"https:\\\/\\\/deskans.com\\\/#website\",\"url\":\"https:\\\/\\\/deskans.com\\\/\",\"name\":\"Deskans\",\"description\":\"Matalassos, llits i complements de descans, by Casa Oliver\",\"publisher\":{\"@id\":\"https:\\\/\\\/deskans.com\\\/#organization\"},\"potentialAction\":[{\"@type\":\"SearchAction\",\"target\":{\"@type\":\"EntryPoint\",\"urlTemplate\":\"https:\\\/\\\/deskans.com\\\/?s={search_term_string}\"},\"query-input\":{\"@type\":\"PropertyValueSpecification\",\"valueRequired\":true,\"valueName\":\"search_term_string\"}}],\"inLanguage\":\"es\"},{\"@type\":\"Organization\",\"@id\":\"https:\\\/\\\/deskans.com\\\/#organization\",\"name\":\"Casa Oliver\",\"url\":\"https:\\\/\\\/deskans.com\\\/\",\"logo\":{\"@type\":\"ImageObject\",\"inLanguage\":\"es\",\"@id\":\"https:\\\/\\\/deskans.com\\\/#\\\/schema\\\/logo\\\/image\\\/\",\"url\":\"https:\\\/\\\/deskans.com\\\/wp-content\\\/uploads\\\/2023\\\/06\\\/deskans-logo-horizontal.svg\",\"contentUrl\":\"https:\\\/\\\/deskans.com\\\/wp-content\\\/uploads\\\/2023\\\/06\\\/deskans-logo-horizontal.svg\",\"width\":521,\"height\":143,\"caption\":\"Casa Oliver\"},\"image\":{\"@id\":\"https:\\\/\\\/deskans.com\\\/#\\\/schema\\\/logo\\\/image\\\/\"},\"sameAs\":[\"https:\\\/\\\/www.facebook.com\\\/deskansbco\",\"https:\\\/\\\/x.com\\\/deskansbco\"]}]}<\/script>\n<!-- \/ Yoast SEO plugin. -->","yoast_head_json":{"title":"Aviso legal - Deskans","robots":{"index":"index","follow":"follow","max-snippet":"max-snippet:-1","max-image-preview":"max-image-preview:large","max-video-preview":"max-video-preview:-1"},"canonical":"https:\/\/deskans.com\/esp\/avis-legal\/","og_locale":"es_ES","og_type":"article","og_title":"Av\u00eds legal - Deskans","og_description":"Aviso legal El presente aviso legal regula el uso del servicio del portal de Internet con direcci\u00f3n www.deskans.com,cuyo responsable a efectos identificativos es:&nbsp; \u2022 Responsable: CASA OLIVER DECORACI\u00d3, S.L.U. \u2022 CIF: B17943408 \u2022 Direcci\u00f3n: C\/ Pere Compte 21, 1\u00ba 2\u00aa, 17005 Girona \u2022 Tel\u00e9fono: (+34) 625 33 80 90 \u2022 Mail: deskans@deskans.com Legislaci\u00f3n Con car\u00e1cter [&hellip;]","og_url":"https:\/\/deskans.com\/esp\/avis-legal\/","og_site_name":"Deskans","article_publisher":"https:\/\/www.facebook.com\/deskansbco","article_modified_time":"2023-08-02T14:56:57+00:00","twitter_card":"summary_large_image","twitter_site":"@deskansbco","twitter_misc":{"Tiempo de lectura":"2 minutos"},"schema":{"@context":"https:\/\/schema.org","@graph":[{"@type":"WebPage","@id":"https:\/\/deskans.com\/avis-legal\/","url":"https:\/\/deskans.com\/avis-legal\/","name":"Aviso legal - Deskans","isPartOf":{"@id":"https:\/\/deskans.com\/#website"},"datePublished":"2023-07-14T09:47:54+00:00","dateModified":"2023-08-02T14:56:57+00:00","breadcrumb":{"@id":"https:\/\/deskans.com\/avis-legal\/#breadcrumb"},"inLanguage":"es","potentialAction":[{"@type":"ReadAction","target":["https:\/\/deskans.com\/avis-legal\/"]}]},{"@type":"BreadcrumbList","@id":"https:\/\/deskans.com\/avis-legal\/#breadcrumb","itemListElement":[{"@type":"ListItem","position":1,"name":"Portada","item":"https:\/\/deskans.com\/"},{"@type":"ListItem","position":2,"name":"Av\u00eds legal"}]},{"@type":"WebSite","@id":"https:\/\/deskans.com\/#website","url":"https:\/\/deskans.com\/","name":"Deskans","description":"Colchones, camas y complementos de descanso, by Casa Oliver","publisher":{"@id":"https:\/\/deskans.com\/#organization"},"potentialAction":[{"@type":"SearchAction","target":{"@type":"EntryPoint","urlTemplate":"https:\/\/deskans.com\/?s={search_term_string}"},"query-input":{"@type":"PropertyValueSpecification","valueRequired":true,"valueName":"search_term_string"}}],"inLanguage":"es"},{"@type":"Organization","@id":"https:\/\/deskans.com\/#organization","name":"Casa Oliver","url":"https:\/\/deskans.com\/","logo":{"@type":"ImageObject","inLanguage":"es","@id":"https:\/\/deskans.com\/#\/schema\/logo\/image\/","url":"https:\/\/deskans.com\/wp-content\/uploads\/2023\/06\/deskans-logo-horizontal.svg","contentUrl":"https:\/\/deskans.com\/wp-content\/uploads\/2023\/06\/deskans-logo-horizontal.svg","width":521,"height":143,"caption":"Casa Oliver"},"image":{"@id":"https:\/\/deskans.com\/#\/schema\/logo\/image\/"},"sameAs":["https:\/\/www.facebook.com\/deskansbco","https:\/\/x.com\/deskansbco"]}]}},"_links":{"self":[{"href":"https:\/\/deskans.com\/esp\/wp-json\/wp\/v2\/pages\/660","targetHints":{"allow":["GET"]}}],"collection":[{"href":"https:\/\/deskans.com\/esp\/wp-json\/wp\/v2\/pages"}],"about":[{"href":"https:\/\/deskans.com\/esp\/wp-json\/wp\/v2\/types\/page"}],"author":[{"embeddable":true,"href":"https:\/\/deskans.com\/esp\/wp-json\/wp\/v2\/users\/3"}],"replies":[{"embeddable":true,"href":"https:\/\/deskans.com\/esp\/wp-json\/wp\/v2\/comments?post=660"}],"version-history":[{"count":7,"href":"https:\/\/deskans.com\/esp\/wp-json\/wp\/v2\/pages\/660\/revisions"}],"predecessor-version":[{"id":1583,"href":"https:\/\/deskans.com\/esp\/wp-json\/wp\/v2\/pages\/660\/revisions\/1583"}],"wp:attachment":[{"href":"https:\/\/deskans.com\/esp\/wp-json\/wp\/v2\/media?parent=660"}],"curies":[{"name":"wp","href":"https:\/\/api.w.org\/{rel}","templated":true}]}}